{"id":9,"date":"2016-08-03T13:14:37","date_gmt":"2016-08-03T13:14:37","guid":{"rendered":"http:\/\/demo.olevmedia.net\/wheelsberry\/?page_id=9"},"modified":"2019-02-19T18:48:25","modified_gmt":"2019-02-19T18:48:25","slug":"homepage","status":"publish","type":"page","link":"https:\/\/holylandcars.com\/it\/italy\/","title":{"rendered":"Noleggio auto in Italia at 11\u20ac"},"content":{"rendered":"<p>[vc_row full_width=&#8221;stretch_row&#8221; el_id=&#8221;about&#8221; css=&#8221;.vc_custom_1544901153035{background-color: #ffffff !important;}&#8221;][vc_column][vc_custom_heading text=&#8221;Noleggio auto in Italia con HolylandCars&#8221; text_additional=&#8221;Benvenuti in Italia &#8211; Una delle nazioni pi\u00f9 belle e popolari del mondo! Viaggiando in un paese cos\u00ec vario, ci si rende conto che non \u00e8 possibile girare tutto in un solo giorno. Pertanto, il modo pi\u00f9 semplice ed economico di viaggiare \u00e8 quello di noleggiare un&#8217;auto.&#8221; font_container=&#8221;tag:h2|text_align:center&#8221;][om_about][om_about_item content_block=&#8221;counter&#8221; title=&#8221;Principali societ\u00e0 di autonoleggio&#8221; image=&#8221;50&#8243; img=&#8221;777&#8243; counter_title=&#8221;societ\u00e0 di autonoleggio&#8221; counter_value=&#8221;29&#8243; link=&#8221;url:https%3A%2F%2Fholylandcars.com%2Fit%2Fitaly%2F%23contacts|title:%D0%9F%D0%BE%D0%B4%D1%80%D0%BE%D0%B1%D0%BD%D0%B5%D0%B5||&#8221;]Scegli l&#8217;auto tra i leader mondiali e locali di autonoleggio. Filiali in tutte le grandi citt\u00e0 ed aeroporti d&#8217;Italia.[\/om_about_item][om_about_item content_block=&#8221;img&#8221; title=&#8221;Prenota l&#8217;auto senza costi aggiuntivi&#8221; image=&#8221;51&#8243; img=&#8221;53&#8243; content_img=&#8221;359&#8243;]Scegli l&#8217;auto adatta, il giorno e l&#8217;orario del noleggio. I nostri esperti ti manderanno un&#8217;offerta vantaggiosa in pochi minuti.[\/om_about_item][om_about_item content_block=&#8221;img&#8221; title=&#8221;Prezzi per le auto &#8211; tutto incluso&#8221; image=&#8221;51&#8243; img=&#8221;89&#8243; content_img=&#8221;57&#8243;]Ricevi il prezzo finale del noleggio, incluse tutte le tasse e l&#8217;assicurazione.[\/om_about_item][\/om_about][vc_empty_space height=&#8221;40px&#8221;][\/vc_column][\/vc_row][vc_row full_width=&#8221;stretch_row&#8221; el_id=&#8221;services&#8221;][vc_column css=&#8221;.vc_custom_1545297020117{background-color: #ffffff !important;}&#8221;][vc_custom_heading text=&#8221;Servizi ed extra&#8221; text_additional=&#8221;Un&#8217;ampia gamma di servizi aggiuntivi e opzioni di noleggio con assicurazione estesa, fornita dalla nostra azienda, per garantire un viaggio sicuro e tranquillo.&#8221; font_container=&#8221;tag:h2|text_align:center&#8221;][om_max_width max_width=&#8221;960&#8243; el_class=&#8221;extras-main&#8221;][om_services top_padding=&#8221;250&#8243; bottom_padding=&#8221;100&#8243;][om_services_item title=&#8221;iPad mini con navigatore<\/p>\n<h5>Tutta la strada con chiamate ed internet illimitati!<\/h5>\n<p>&#8221; link=&#8221;|||&#8221; bg_image=&#8221;554&#8243;]Sistema di navigazione \/ GPS con dati illimitati, chiamate VOIP e hotspot Wi-Fi! Tutto questo per soli 15\u20ac al giorno[\/om_services_item][om_services_item title=&#8221;Piani per il carburante&#8221; link=&#8221;|||&#8221; bg_image=&#8221;39&#8243;]Paga in anticipo per il pieno di carburante e riconsegna la macchina con il serbatoio vuoto oppure fai il pieno prima della consegna dell&#8217;auto.[\/om_services_item][om_services_item title=&#8221;Tutti i prezzi includono assicurazione e tasse&#8221; bg_image=&#8221;38&#8243;]I nostri prezzi per il noleggio auto, includono l&#8217;assicurazione base e le tasse aeroportuali. Basta solo ritirare l&#8217;auto e partire![\/om_services_item][\/om_services][\/om_max_width][\/vc_column][\/vc_row][vc_row full_width=&#8221;stretch_row_content_no_spaces&#8221; el_id=&#8221;locations&#8221; css=&#8221;.vc_custom_1545296807182{background-color: #ffffff !important;}&#8221;][vc_column css=&#8221;.vc_custom_1545296824639{background-color: #ffffff !important;}&#8221;][om_rental_locations zoom=&#8221;16&#8243; title=&#8221;Stazioni di noleggio in Italia&#8221; height=&#8221;370&#8243;][\/vc_column][\/vc_row][vc_row full_width=&#8221;stretch_row&#8221; el_id=&#8221;contacts&#8221;][vc_column css=&#8221;.vc_custom_1545459553060{background-color: #ffffff !important;}&#8221;][vc_custom_heading text=&#8221;CONTATTI&#8221; text_additional=&#8221;A tua disposizione c&#8217;\u00e8 il Centro Assistenza Clienti in italiano\/russo, aperto 24 ore al giorno, 7 giorni alla settimana. Risolveremo tutti i tuoi problemi e ci impegnerem affinch\u00e8 il tuo viaggio in Italia sia gradevole.&#8221; font_container=&#8221;tag:h2|text_align:center&#8221; uppercase=&#8221;yes&#8221;][om_persons][om_persons_item img_stand_out=&#8221;yes&#8221; name=&#8221;Andrea Leva&#8221; post=&#8221;Consulente&#8221; phone=&#8221;+39 339 1363704&#8243; email=&#8221;<span \n                data-original-string='rgZuPACLlIzdqCBX\/zTS5Q==535CRhL0xewZvAVQ0B4D6PmwMxz2Yzn56FxPu\/wleQBOMM='\n                class='apbct-email-encoder'\n                title='This contact has been encoded by Anti-Spam by CleanTalk. Click to decode. To finish the decoding make sure that JavaScript is enabled in your browser.'>co<span class=\"apbct-blur\">*****<\/span>@<span class=\"apbct-blur\">***********<\/span>rs.com<\/span>&#8221; img=&#8221;1637&#8243; img_offset_x=&#8221;0&#8243; img_offset_y=&#8221;20&#8243; el_class=&#8221;photo-max&#8221;][\/om_persons][\/vc_column][\/vc_row][vc_row full_width=&#8221;stretch_row_content&#8221;][vc_column css=&#8221;.vc_custom_1545297975840{background-color: #ffffff !important;}&#8221;][vc_custom_heading text=&#8221;Societ\u00e0 di noleggio leader in Italia&#8221; text_additional=&#8221;I nostri specialisti selezioneranno l&#8217;offerta migliore tra 29 societ\u00e0 di autonoleggio per rendere il tuo viaggio il pi\u00f9 confortevole possibile.&#8221; font_container=&#8221;tag:h3|text_align:center&#8221;][om_logos images=&#8221;750,744,752,743,747,759,760,757,756,749,758,745,755,754,753,751,748,761,746&#8243; img_size=&#8221;154&#215;54&#8243;][\/vc_column][\/vc_row]<\/p>\n","protected":false},"excerpt":{"rendered":"<p>[vc_row full_width=&#8221;stretch_row&#8221; el_id=&#8221;about&#8221; css=&#8221;.vc_custom_1544901153035{background-color: #ffffff !important;}&#8221;][vc_column][vc_custom_heading text=&#8221;Noleggio auto in Italia con HolylandCars&#8221; text_additional=&#8221;Benvenuti in Italia &#8211; Una delle nazioni pi\u00f9 belle e popolari del mondo!&hellip;<\/p>\n<p><a href=\"https:\/\/holylandcars.com\/it\/italy\/\" class=\"read-more-link\">\u0427\u0438\u0442\u0430\u0442\u044c \u0434\u0430\u043b\u044c\u0448\u0435<\/a><\/p>\n","protected":false},"author":2,"featured_media":1627,"parent":0,"menu_order":0,"comment_status":"closed","ping_status":"closed","template":"","meta":{"footnotes":""},"class_list":["post-9","page","type-page","status-publish","has-post-thumbnail","hentry"],"_links":{"self":[{"href":"https:\/\/holylandcars.com\/it\/italy\/wp-json\/wp\/v2\/pages\/9","targetHints":{"allow":["GET"]}}],"collection":[{"href":"https:\/\/holylandcars.com\/it\/italy\/wp-json\/wp\/v2\/pages"}],"about":[{"href":"https:\/\/holylandcars.com\/it\/italy\/wp-json\/wp\/v2\/types\/page"}],"author":[{"embeddable":true,"href":"https:\/\/holylandcars.com\/it\/italy\/wp-json\/wp\/v2\/users\/2"}],"replies":[{"embeddable":true,"href":"https:\/\/holylandcars.com\/it\/italy\/wp-json\/wp\/v2\/comments?post=9"}],"version-history":[{"count":134,"href":"https:\/\/holylandcars.com\/it\/italy\/wp-json\/wp\/v2\/pages\/9\/revisions"}],"predecessor-version":[{"id":1660,"href":"https:\/\/holylandcars.com\/it\/italy\/wp-json\/wp\/v2\/pages\/9\/revisions\/1660"}],"wp:featuredmedia":[{"embeddable":true,"href":"https:\/\/holylandcars.com\/it\/italy\/wp-json\/wp\/v2\/media\/1627"}],"wp:attachment":[{"href":"https:\/\/holylandcars.com\/it\/italy\/wp-json\/wp\/v2\/media?parent=9"}],"curies":[{"name":"wp","href":"https:\/\/api.w.org\/{rel}","templated":true}]}}